{"id":4,"date":"2017-05-13T13:04:36","date_gmt":"2017-05-13T13:04:36","guid":{"rendered":"http:\/\/cibmal.dk\/wordpress\/?page_id=4"},"modified":"2020-07-10T15:56:12","modified_gmt":"2020-07-10T15:56:12","slug":"cibmal","status":"publish","type":"page","link":"https:\/\/cibmal.dk\/","title":{"rendered":"St\u00e5r du med et sv\u00e6rt it-projekt?"},"content":{"rendered":"<p>CIBMAL hedder til dagligt Eske Rahn, og jeg laver prim\u00e6rt programmeringsopgaver &#8211; typisk som underleverand\u00f8r af &#8220;kernefunktioner&#8221; i st\u00f8rre, offentlige institutioner. Opgaverne falder is\u00e6r inden for databaser, adressedata og kort, og har gjort det siden 1983, hvor CIBMAL blev grundlagt.<\/p>\n<p>I et projekt\u00a0vil CIBMALs rolle ofte v\u00e6re at st\u00e5 for design og kodning af et underliggende system samt logisk design af front-end.<\/p>\n<p>Min filosofi er at\u00a0levere et f\u00e6rdigt resultat, som kunden reelt kan BRUGE\u00a0&#8211; ikke hvad der bostaveligt st\u00e5r i en manual eller kravspecifikation. For at kunne dette, skal b\u00e5de ledelse og brugere v\u00e6re en del af processen, og derfor er dialog med begge grupper\u00a0en grundl\u00e6ggende\u00a0del af et samarbejde med mig.<\/p>\n<p>L\u00e6s mere om kunder og projekter\u00a0<a href=\"https:\/\/cibmal.dk\/?page_id=46\"><span style=\"text-decoration: underline;\">her<\/span><\/a>.<\/p>\n<h3>Om CIBMAL<\/h3>\n<p>Jeg startede CIBMAL i 1983 og har i dets +35 \u00e5rs levetid opn\u00e5et solid erfaring med alt fra kodning af slutbrugerinterfaces og drivere over databasearbejde til hardwareh\u00e5ndtering og endelig brug af loddekolben.<\/p>\n<p>Jeg var med fra f\u00f8r der overhovedet var et MS-DOS og har undervejs fungeret som system manager p\u00e5 VMS-systemer. Efterh\u00e5nden er det dog n\u00e6sten udelukkende software i Windows-verdenen, \u00a0jeg leverer produkter inden for, oftest kombineret med SQL-baser.<\/p>\n<p>Find diverse gamle downloads <a href=\"https:\/\/cibmal.dk\/FileTransfer\/Home.html\">her<\/a> (Inkl. CibUtil)<\/p>\n<p>&nbsp;<\/p>\n","protected":false},"excerpt":{"rendered":"<p>CIBMAL hedder til dagligt Eske Rahn, og jeg laver prim\u00e6rt programmeringsopgaver &#8211; typisk som underleverand\u00f8r af &#8220;kernefunktioner&#8221; i st\u00f8rre, offentlige institutioner. Opgaverne falder is\u00e6r inden for databaser, adressedata og kort, og har gjort det siden 1983, hvor CIBMAL blev grundlagt. I et projekt\u00a0vil CIBMALs rolle ofte v\u00e6re at st\u00e5 for design og kodning af et [&hellip;]<\/p>\n","protected":false},"author":1,"featured_media":161,"parent":0,"menu_order":0,"comment_status":"closed","ping_status":"closed","template":"","meta":{"footnotes":""},"class_list":["post-4","page","type-page","status-publish","has-post-thumbnail","hentry"],"_links":{"self":[{"href":"https:\/\/cibmal.dk\/index.php?rest_route=\/wp\/v2\/pages\/4","targetHints":{"allow":["GET"]}}],"collection":[{"href":"https:\/\/cibmal.dk\/index.php?rest_route=\/wp\/v2\/pages"}],"about":[{"href":"https:\/\/cibmal.dk\/index.php?rest_route=\/wp\/v2\/types\/page"}],"author":[{"embeddable":true,"href":"https:\/\/cibmal.dk\/index.php?rest_route=\/wp\/v2\/users\/1"}],"replies":[{"embeddable":true,"href":"https:\/\/cibmal.dk\/index.php?rest_route=%2Fwp%2Fv2%2Fcomments&post=4"}],"version-history":[{"count":25,"href":"https:\/\/cibmal.dk\/index.php?rest_route=\/wp\/v2\/pages\/4\/revisions"}],"predecessor-version":[{"id":191,"href":"https:\/\/cibmal.dk\/index.php?rest_route=\/wp\/v2\/pages\/4\/revisions\/191"}],"wp:featuredmedia":[{"embeddable":true,"href":"https:\/\/cibmal.dk\/index.php?rest_route=\/wp\/v2\/media\/161"}],"wp:attachment":[{"href":"https:\/\/cibmal.dk\/index.php?rest_route=%2Fwp%2Fv2%2Fmedia&parent=4"}],"curies":[{"name":"wp","href":"https:\/\/api.w.org\/{rel}","templated":true}]}}